{"id":990,"date":"2018-05-31T03:11:46","date_gmt":"2018-05-31T01:11:46","guid":{"rendered":"http:\/\/www.tiamat.at\/Kochrezepte\/?page_id=990"},"modified":"2018-05-31T03:13:23","modified_gmt":"2018-05-31T01:13:23","slug":"erklaerung-gemaess-dsgvo","status":"publish","type":"page","link":"https:\/\/www.tiamat.at\/Kochrezepte\/?page_id=990","title":{"rendered":"Erkl\u00e4rung gem\u00e4\u00df DSGVO"},"content":{"rendered":"<p><strong><big>Datenschutzerkl&auml;rung<\/big><\/strong><\/p>\n<p><strong>Allgemeiner Hinweis und Pflichtinformationen<\/strong><\/p>\n<p><strong>Benennung der verantwortlichen Stelle<\/strong><\/p>\n<p>Die verantwortliche Stelle f&uuml;r die Datenverarbeitung auf dieser Website ist:<\/p>\n<p><span id=\"s3-t-firma\">Kochrezepte<\/span><br><span id=\"s3-t-ansprechpartner\">Susanne Studeny<\/span><br><span id=\"s3-t-plz\">A-1110<\/span> <span id=\"s3-t-ort\">Wien<\/span><\/p>\n\n<p>Die verantwortliche Stelle entscheidet allein oder gemeinsam mit anderen &uuml;ber die Zwecke und Mittel der Verarbeitung von personenbezogenen Daten (z.B. Namen, Kontaktdaten o. &Auml;.).<\/p>\n<p><strong>Widerruf Ihrer Einwilligung zur Datenverarbeitung<\/strong><\/p>\n<p>Nur mit Ihrer ausdr&uuml;cklichen Einwilligung sind einige Vorg&auml;nge der Datenverarbeitung m&ouml;glich. Ein Widerruf Ihrer bereits erteilten Einwilligung ist jederzeit m&ouml;glich. F&uuml;r den Widerruf gen&uuml;gt eine formlose Mitteilung per E-Mail. Die Rechtm&auml;&szlig;igkeit der bis zum Widerruf erfolgten Datenverarbeitung bleibt vom Widerruf unber&uuml;hrt.<\/p>\n<p><strong>Recht auf Beschwerde bei der zust&auml;ndigen Aufsichtsbeh&ouml;rde<\/strong><\/p>\n<p>Als Betroffener steht Ihnen im Falle eines datenschutzrechtlichen Versto&szlig;es ein Beschwerderecht bei der zust&auml;ndigen Aufsichtsbeh&ouml;rde zu. Zust&auml;ndige Aufsichtsbeh&ouml;rde bez&uuml;glich datenschutzrechtlicher Fragen ist der Landesdatenschutzbeauftragte des Bundeslandes, in dem sich der Sitz unseres Unternehmens befindet. Der folgende Link stellt eine Liste der Datenschutzbeauftragten sowie deren Kontaktdaten bereit: <a href=\"https:\/\/www.bfdi.bund.de\/DE\/Infothek\/Anschriften_Links\/anschriften_links-node.html\" target=\"_blank\">https:\/\/www.bfdi.bund.de\/DE\/Infothek\/Anschriften_Links\/anschriften_links-node.html<\/a>.<\/p>\n<p><strong>Recht auf Daten&uuml;bertragbarkeit<\/strong><\/p>\n<p>Ihnen steht das Recht zu, Daten, die wir auf Grundlage Ihrer Einwilligung oder in Erf&uuml;llung eines Vertrags automatisiert verarbeiten, an sich oder an Dritte aush&auml;ndigen zu lassen. Die Bereitstellung erfolgt in einem maschinenlesbaren Format. Sofern Sie die direkte &Uuml;bertragung der Daten an einen anderen Verantwortlichen verlangen, erfolgt dies nur, soweit es technisch machbar ist.<\/p>\n<p><strong>Recht auf Auskunft, Berichtigung, Sperrung, L&ouml;schung<\/strong><\/p>\n<p>Sie haben jederzeit im Rahmen der geltenden gesetzlichen Bestimmungen das Recht auf unentgeltliche Auskunft &uuml;ber Ihre gespeicherten personenbezogenen Daten, Herkunft der Daten, deren Empf&auml;nger und den Zweck der Datenverarbeitung und ggf. ein Recht auf Berichtigung, Sperrung oder L&ouml;schung dieser Daten. Diesbez&uuml;glich und auch zu weiteren Fragen zum Thema personenbezogene Daten k&ouml;nnen Sie sich jederzeit &uuml;ber die im Impressum aufgef&uuml;hrten Kontaktm&ouml;glichkeiten an uns wenden.<\/p>\n<p><strong>SSL- bzw. TLS-Verschl&uuml;sselung<\/strong><\/p>\n<p>Aus Sicherheitsgr&uuml;nden und zum Schutz der &Uuml;bertragung vertraulicher Inhalte, die Sie an uns als Seitenbetreiber senden, nutzt unsere Website eine SSL-bzw. TLS-Verschl&uuml;sselung. Damit sind Daten, die Sie &uuml;ber diese Website &uuml;bermitteln, f&uuml;r Dritte nicht mitlesbar. Sie erkennen eine verschl&uuml;sselte Verbindung an der &bdquo;https:\/\/&ldquo; Adresszeile Ihres Browsers und am Schloss-Symbol in der Browserzeile.<\/p>\n<p><strong>Server-Log-Dateien<\/strong><\/p>\n<p>In Server-Log-Dateien erhebt und speichert der Provider der Website automatisch Informationen, die Ihr Browser automatisch an uns &uuml;bermittelt. Dies sind:<\/p>\n<ul>\n<li>Browsertyp und Browserversion<\/li>\n<li>Verwendetes Betriebssystem<\/li>\n<li>Referrer URL<\/li>\n<li>Hostname des zugreifenden Rechners<\/li>\n<li>Uhrzeit der Serveranfrage<\/li>\n<li>IP-Adresse<\/li>\n<\/ul>\n<p>Es findet keine Zusammenf&uuml;hrung dieser Daten mit anderen Datenquellen statt. Grundlage der Datenverarbeitung bildet Art. 6 Abs. 1 lit. b DSGVO, der die Verarbeitung von Daten zur Erf&uuml;llung eines Vertrags oder vorvertraglicher Ma&szlig;nahmen gestattet.<\/p>\n<p><strong>Cookies<\/strong><\/p>\n<p>Unsere Website verwendet Cookies. Das sind kleine Textdateien, die Ihr Webbrowser auf Ihrem Endger&auml;t speichert. Cookies helfen uns dabei, unser Angebot nutzerfreundlicher, effektiver und sicherer zu machen. <\/p>\n<p>Einige Cookies sind &ldquo;Session-Cookies.&rdquo; Solche Cookies werden nach Ende Ihrer Browser-Sitzung von selbst gel&ouml;scht. Hingegen bleiben andere Cookies auf Ihrem Endger&auml;t bestehen, bis Sie diese selbst l&ouml;schen. Solche Cookies helfen uns, Sie bei R&uuml;ckkehr auf<br>\n\tunserer Website wiederzuerkennen.<\/p>\n<p>Mit einem modernen Webbrowser k&ouml;nnen Sie das Setzen von Cookies &uuml;berwachen, einschr&auml;nken oder unterbinden. Viele Webbrowser lassen sich so konfigurieren, dass Cookies mit dem Schlie&szlig;en des Programms von selbst gel&ouml;scht werden. Die Deaktivierung von Cookies<br>\n\tkann eine eingeschr&auml;nkte Funktionalit&auml;t unserer Website zur Folge haben.<\/p>\n<p>Das Setzen von Cookies, die zur Aus&uuml;bung elektronischer Kommunikationsvorg&auml;nge oder der Bereitstellung bestimmter, von Ihnen erw&uuml;nschter Funktionen (z.B. Warenkorb) notwendig sind, erfolgt auf Grundlage von Art. 6 Abs. 1 lit. f DSGVO. Als Betreiber dieser<br>\n\tWebsite haben wir ein berechtigtes Interesse an der Speicherung von Cookies zur technisch fehlerfreien und reibungslosen Bereitstellung unserer Dienste. Sofern die Setzung anderer Cookies (z.B. f&uuml;r Analyse-Funktionen) erfolgt, werden diese in dieser<br>\n\tDatenschutzerkl&auml;rung separat behandelt.<\/p>\n<p><small>Quelle: Datenschutz-Konfigurator von <a href=\"http:\/\/www.mein-datenschutzbeauftragter.de\" target=\"_blank\">mein-datenschutzbeauftragter.de<\/a><\/small><\/p>\n","protected":false},"excerpt":{"rendered":"<p>Datenschutzerkl&auml;rung Allgemeiner Hinweis und Pflichtinformationen Benennung der verantwortlichen Stelle Die verantwortliche Stelle f&uuml;r die Datenverarbeitung auf dieser Website ist: KochrezepteSusanne StudenyA-1110 Wien Die verantwortliche Stelle entscheidet allein oder gemeinsam mit anderen &uuml;ber die Zwecke und Mittel der Verarbeitung von personenbezogenen Daten (z.B. Namen, Kontaktdaten o. &Auml;.). Widerruf Ihrer Einwilligung zur Datenverarbeitung Nur mit Ihrer ausdr&uuml;cklichen [&hellip;]<\/p>\n","protected":false},"author":2,"featured_media":0,"parent":0,"menu_order":0,"comment_status":"closed","ping_status":"closed","template":"","meta":{"footnotes":""},"class_list":["post-990","page","type-page","status-publish","hentry"],"_links":{"self":[{"href":"https:\/\/www.tiamat.at\/Kochrezepte\/index.php?rest_route=\/wp\/v2\/pages\/990","targetHints":{"allow":["GET"]}}],"collection":[{"href":"https:\/\/www.tiamat.at\/Kochrezepte\/index.php?rest_route=\/wp\/v2\/pages"}],"about":[{"href":"https:\/\/www.tiamat.at\/Kochrezepte\/index.php?rest_route=\/wp\/v2\/types\/page"}],"author":[{"embeddable":true,"href":"https:\/\/www.tiamat.at\/Kochrezepte\/index.php?rest_route=\/wp\/v2\/users\/2"}],"replies":[{"embeddable":true,"href":"https:\/\/www.tiamat.at\/Kochrezepte\/index.php?rest_route=%2Fwp%2Fv2%2Fcomments&post=990"}],"version-history":[{"count":1,"href":"https:\/\/www.tiamat.at\/Kochrezepte\/index.php?rest_route=\/wp\/v2\/pages\/990\/revisions"}],"predecessor-version":[{"id":991,"href":"https:\/\/www.tiamat.at\/Kochrezepte\/index.php?rest_route=\/wp\/v2\/pages\/990\/revisions\/991"}],"wp:attachment":[{"href":"https:\/\/www.tiamat.at\/Kochrezepte\/index.php?rest_route=%2Fwp%2Fv2%2Fmedia&parent=990"}],"curies":[{"name":"wp","href":"https:\/\/api.w.org\/{rel}","templated":true}]}}